{"id":61,"date":"2010-10-28T21:01:18","date_gmt":"2010-10-28T21:01:18","guid":{"rendered":"http:\/\/arkiv.mediekom.se\/?page_id=61"},"modified":"2021-09-17T14:32:36","modified_gmt":"2021-09-17T14:32:36","slug":"om","status":"publish","type":"page","link":"https:\/\/arkiv.mediekom.se\/?page_id=61","title":{"rendered":"Om FSMK"},"content":{"rendered":"<p><strong>F\u00f6reningen f\u00f6r svensk medie- och kommunikationsforskning (FSMK)<\/strong> finns till f\u00f6r dig som \u00e4r aktiv inom eller intresserad av omr\u00e5det medie- och kommunikationsvetenskap. H\u00e4r finns en blandning av forskare, l\u00e4rare, studenter och praktiker som drar nytta av varandras kunskaper om medier, kommunikation, information och journalistik. F\u00f6reningen har ca 200 aktiva medlemmar. F\u00f6reningens m\u00e5l och vision \u00e4r att fr\u00e4mja forskningen om medier och kommunikation i Sverige och att f\u00f6rb\u00e4ttra villkoren f\u00f6r dig som studerar, arbetar och forskar inom omr\u00e5det.<\/p>\n<p>FSMK \u00e4r ett tv\u00e4rvetenskapligt forum d\u00e4r forskare inom olika discipliner kan m\u00f6tas och utbyta information och erfarenheter. Ett \u00f6vergripande m\u00e5l f\u00f6r FSMK:s verksamhet \u00e4r att verka f\u00f6r b\u00e4ttre villkor och \u00f6kade resurser till forskningen om medier och kommunikation, samt att st\u00e4rka utbildningen inom \u00e4mnesomr\u00e5det. FSMK verkar ocks\u00e5 f\u00f6r att genom information och kontakter stimulera intresset f\u00f6r forskningsomr\u00e5det samt f\u00f6r att bidra till samarbete mellan forskare samt mellan forskare och praktiker. F\u00f6reningen arbetar ocks\u00e5 f\u00f6r att uppmuntra och stimulera till debatt i teoretiska och metodologiska fr\u00e5gor.<\/p>\n<p>En central del av f\u00f6reningens verksamhet handlar om samarbete \u2013 och d\u00e5 avses s\u00e5v\u00e4l samarbete inom \u00e4mnet (utbildning och forskning) som samarbete med andra discipliner. F\u00f6reningen har ocks\u00e5 ett n\u00e4ra samarbete med Nordicom som \u00e4r ett nordiskt kunskapscenter f\u00f6r medie- och kommunikationsomr\u00e5det. Detta samarbete kommer bland annat till uttryck genom att alla medlemmar f\u00e5r en prenumeration p\u00e5 Nordicoms tidskrifter Nordicom-Information och Nordicom-Review.<\/p>\n<p>FSMK grundades 1977 under namnet FSM (F\u00f6reningen Svenska Masskommunikationsforskare) och f\u00f6reningen arbetade under de f\u00f6rsta tio \u00e5ren bland annat aktivt f\u00f6r att f\u00e5 till st\u00e5nd ett eget \u00e4mne f\u00f6r forskningsomr\u00e5det kring medier och kommunikation. F\u00f6reningens f\u00f6rste ordf\u00f6rande var framlidne professor Kjell Nowak, d\u00e5 vid Handelsh\u00f6gskolan i Stockholm.<\/p>\n<p>FSMK \u00e4r ocks\u00e5 tillsammans med Nordicom och systerorganisationerna i Norge, Danmark, Finland och Island en viktig part i organisationen av de nordiska konferenserna f\u00f6r medie- och kommunikationsforskning som \u00e4gt rum vartannat \u00e5r sedan 1973. FSMK stod v\u00e4rd i Ume\u00e5 1979 d\u00e5 konferensen f\u00f6r f\u00f6rsta g\u00e5ngen h\u00f6lls i Sverige.<\/p>\n<p>Under de 30 \u00e5r som f\u00f6reningen funnits har det skett radikala f\u00f6r\u00e4ndringar i medielandskapet och omr\u00e5det medier och kommunikation har blivit allt mer komplext. Faktorer som avreglering, digitalisering och globalisering har gjort att mediesf\u00e4ren vuxit lavinartat och att mediernas produktion, inneh\u00e5ll och publik f\u00f6r\u00e4ndrats i flera avseenden. Den tilltagande konvergensen i medie- och kommunikationsteknologin har bland annat medf\u00f6rt ett n\u00e4rmande till teknologiska vetenskaper, n\u00e5got som ocks\u00e5 avspeglas i den vetenskapliga bredden i FSMK:s medlemsregister.<\/p>\n\n\n<div class=\"wp-block-file\"><a href=\"http:\/\/arkiv.mediekom.se\/wp-content\/uploads\/2021\/09\/FSMK-verksamhetsplan.pdf\">FSMK-verksamhetsplan<\/a><a href=\"http:\/\/arkiv.mediekom.se\/wp-content\/uploads\/2021\/09\/FSMK-verksamhetsplan.pdf\" class=\"wp-block-file__button\" download>Download<\/a><\/div>\n","protected":false},"excerpt":{"rendered":"<p>F\u00f6reningen f\u00f6r svensk medie- och kommunikationsforskning (FSMK) finns till f\u00f6r dig som \u00e4r aktiv inom eller intresserad av omr\u00e5det medie- och kommunikationsvetenskap. H\u00e4r finns en blandning av forskare, l\u00e4rare, studenter och praktiker som drar nytta av varandras kunskaper om medier, &hellip; <a href=\"https:\/\/arkiv.mediekom.se\/?page_id=61\">Continue reading <span class=\"meta-nav\">&rarr;<\/span><\/a><\/p>\n","protected":false},"author":1,"featured_media":0,"parent":0,"menu_order":2,"comment_status":"open","ping_status":"closed","template":"","meta":{"_mi_skip_tracking":false},"_links":{"self":[{"href":"https:\/\/arkiv.mediekom.se\/index.php?rest_route=\/wp\/v2\/pages\/61"}],"collection":[{"href":"https:\/\/arkiv.mediekom.se\/index.php?rest_route=\/wp\/v2\/pages"}],"about":[{"href":"https:\/\/arkiv.mediekom.se\/index.php?rest_route=\/wp\/v2\/types\/page"}],"author":[{"embeddable":true,"href":"https:\/\/arkiv.mediekom.se\/index.php?rest_route=\/wp\/v2\/users\/1"}],"replies":[{"embeddable":true,"href":"https:\/\/arkiv.mediekom.se\/index.php?rest_route=%2Fwp%2Fv2%2Fcomments&post=61"}],"version-history":[{"count":11,"href":"https:\/\/arkiv.mediekom.se\/index.php?rest_route=\/wp\/v2\/pages\/61\/revisions"}],"predecessor-version":[{"id":2381,"href":"https:\/\/arkiv.mediekom.se\/index.php?rest_route=\/wp\/v2\/pages\/61\/revisions\/2381"}],"wp:attachment":[{"href":"https:\/\/arkiv.mediekom.se\/index.php?rest_route=%2Fwp%2Fv2%2Fmedia&parent=61"}],"curies":[{"name":"wp","href":"https:\/\/api.w.org\/{rel}","templated":true}]}}