{"id":583,"date":"2014-03-31T11:16:07","date_gmt":"2014-03-31T11:16:07","guid":{"rendered":"http:\/\/arkiv.mediekom.se\/?page_id=583"},"modified":"2020-05-26T13:38:40","modified_gmt":"2020-05-26T13:38:40","slug":"forskarforeningar","status":"publish","type":"page","link":"https:\/\/arkiv.mediekom.se\/?page_id=583","title":{"rendered":"Forskarf\u00f6reningar och l\u00e4nkar"},"content":{"rendered":"<h1 id=\"page-title\">Forskarf\u00f6reningar<\/h1>\n<div id=\"block-system-main\">\n<div>\n<div>\n<div id=\"node-medieforskning-basic-28690\">\n<div>\n<div>\n<div>\n<p>P\u00e5 Nordicoms <a title=\"Nordicoms hemsida\" href=\"http:\/\/www.nordicom.gu.se\/sv\/medieforskning\/forskarforeningar\" target=\"_blank\" rel=\"noopener noreferrer\">hemsida<\/a> finns l\u00e4nkar till nordiska, europeiska och internationella forskarf\u00f6reningar inom medie- och kommunikationsomr\u00e5det.<\/p>\n<\/div>\n<\/div>\n<\/div>\n<\/div>\n<\/div>\n<\/div>\n<\/div>\n<p><strong>Utv\u00e4rdering av forskarutbildningar <\/strong><\/p>\n<p>Allm\u00e4n info <a href=\"http:\/\/www.uka.se\/nyheter\/2015-03-20-metod-for-pilotutvardering-av-forskarutbildning-klar.html\">http:\/\/www.uka.se\/nyheter\/2015-03-20-metod-for-pilotutvardering-av-forskarutbildning-klar.html<\/a><\/p>\n<p>Rapporten <a href=\"http:\/\/www.uka.se\/download\/18.5bb4875214acdd3d8c867791\/1426864565983\/Kvalitetsutvardering-utbildning-forskarniva-rapport-2014-18-justerad-2015-03-20.pdf\">http:\/\/www.uka.se\/download\/18.5bb4875214acdd3d8c867791\/1426864565983\/Kvalitetsutvardering-utbildning-forskarniva-rapport-2014-18-justerad-2015-03-20.pdf<\/a><\/p>\n<p>Sj\u00e4lvv\u00e4rdering <a href=\"http:\/\/www.uka.se\/download\/18.5bb4875214acdd3d8c867792\/1428924558645\/Sjalvvardering-doktorsexamen-utvardering-utbildning-forskarniva-rapport-2014-18-reviderad-2015-03-27.pdf\">http:\/\/www.uka.se\/download\/18.5bb4875214acdd3d8c867792\/1428924558645\/Sjalvvardering-doktorsexamen-utvardering-utbildning-forskarniva-rapport-2014-18-reviderad-2015-03-27.pdf<\/a><\/p>\n<p>L\u00e4ros\u00e4tenas synpunkter\/remissvar <a href=\"http:\/\/www.uka.se\/utbildningskvalitet\/utvardering-av-forskarutbildningar\/synpunkter-fran-larosaten.html\">http:\/\/www.uka.se\/utbildningskvalitet\/utvardering-av-forskarutbildningar\/synpunkter-fran-larosaten.html<\/a><\/p>\n","protected":false},"excerpt":{"rendered":"<p>Forskarf\u00f6reningar P\u00e5 Nordicoms hemsida finns l\u00e4nkar till nordiska, europeiska och internationella forskarf\u00f6reningar inom medie- och kommunikationsomr\u00e5det. Utv\u00e4rdering av forskarutbildningar Allm\u00e4n info http:\/\/www.uka.se\/nyheter\/2015-03-20-metod-for-pilotutvardering-av-forskarutbildning-klar.html Rapporten http:\/\/www.uka.se\/download\/18.5bb4875214acdd3d8c867791\/1426864565983\/Kvalitetsutvardering-utbildning-forskarniva-rapport-2014-18-justerad-2015-03-20.pdf Sj\u00e4lvv\u00e4rdering http:\/\/www.uka.se\/download\/18.5bb4875214acdd3d8c867792\/1428924558645\/Sjalvvardering-doktorsexamen-utvardering-utbildning-forskarniva-rapport-2014-18-reviderad-2015-03-27.pdf L\u00e4ros\u00e4tenas synpunkter\/remissvar http:\/\/www.uka.se\/utbildningskvalitet\/utvardering-av-forskarutbildningar\/synpunkter-fran-larosaten.html<\/p>\n","protected":false},"author":1,"featured_media":0,"parent":0,"menu_order":7,"comment_status":"closed","ping_status":"open","template":"","meta":{"_mi_skip_tracking":false},"_links":{"self":[{"href":"https:\/\/arkiv.mediekom.se\/index.php?rest_route=\/wp\/v2\/pages\/583"}],"collection":[{"href":"https:\/\/arkiv.mediekom.se\/index.php?rest_route=\/wp\/v2\/pages"}],"about":[{"href":"https:\/\/arkiv.mediekom.se\/index.php?rest_route=\/wp\/v2\/types\/page"}],"author":[{"embeddable":true,"href":"https:\/\/arkiv.mediekom.se\/index.php?rest_route=\/wp\/v2\/users\/1"}],"replies":[{"embeddable":true,"href":"https:\/\/arkiv.mediekom.se\/index.php?rest_route=%2Fwp%2Fv2%2Fcomments&post=583"}],"version-history":[{"count":3,"href":"https:\/\/arkiv.mediekom.se\/index.php?rest_route=\/wp\/v2\/pages\/583\/revisions"}],"predecessor-version":[{"id":2189,"href":"https:\/\/arkiv.mediekom.se\/index.php?rest_route=\/wp\/v2\/pages\/583\/revisions\/2189"}],"wp:attachment":[{"href":"https:\/\/arkiv.mediekom.se\/index.php?rest_route=%2Fwp%2Fv2%2Fmedia&parent=583"}],"curies":[{"name":"wp","href":"https:\/\/api.w.org\/{rel}","templated":true}]}}