{"id":563,"date":"2014-03-11T15:23:58","date_gmt":"2014-03-11T15:23:58","guid":{"rendered":"http:\/\/arkiv.mediekom.se\/?page_id=563"},"modified":"2020-10-28T13:05:27","modified_gmt":"2020-10-28T13:05:27","slug":"gastblogg-info","status":"publish","type":"page","link":"https:\/\/arkiv.mediekom.se\/?page_id=563","title":{"rendered":"Om g\u00e4stinl\u00e4gg"},"content":{"rendered":"<p><strong>V\u00e4lkommen till bloggen f\u00f6r och av medie- och kommunikationsforskare!<\/strong><\/p>\n<p>P\u00e5 denna bloggplats kan du ta del av medie- och kommunikationsforskares p\u00e5g\u00e5ende och avslutade projekt, tankar och analyser, \u00e5sikter, gl\u00e4dje\u00e4mnen, men ocks\u00e5 problem och utmaningar. Bloggen \u00e4r t\u00e4nkt att ge insikt i s\u00e5v\u00e4l junior- som seniorforskarens vardag och vetenskapliga funderingar, synligg\u00f6ra det vi inte ser eller h\u00f6r talas om; hur g\u00f6r v\u00e5ra kollegor ute i landet? Vad t\u00e4nker de? Hur \u00e4r livet som doktorand i Karlstad eller postdoktor i Malm\u00f6?<\/p>\n<p><strong>Till skribenter:<\/strong><\/p>\n<p>Det h\u00e4r \u00e4r ett g\u00e4stblogg framf\u00f6r allt riktad till FSMK:s medlemmar (men det \u00e4r m\u00f6jligt att den ocks\u00e5 n\u00e5r andra l\u00e4sare) med m\u00e5ls\u00e4ttningen att st\u00e4rka gemenskapen, inspirera och l\u00e4ra av varandra samt stimulera till samtal och eftertanke. Du f\u00e5r skriva om vad du vill, stort eller sm\u00e5tt, roliga eller tr\u00e5kiga erfarenheter, men ha g\u00e4rna en tanke p\u00e5 vem som \u00e4r l\u00e4sargruppen. G\u00e4rna tankar om det som annars aldrig n\u00e4mns i n\u00e5got manus eller p\u00e5 annat vis s\u00e4tts p\u00e5 pr\u00e4nt. Bloggtexterna l\u00e4ggs i sidans nyhetsfl\u00f6de och n\u00e5s via kategorin G\u00e4sttblogg.<\/p>\n<p>En blogg \u00e4r ju som du vet inte platsen f\u00f6r en avhandling. Skriv lagom l\u00e5ngt. Maximalt 2500 tecken inkl. blanksteg. Vill du illustrera ditt blogginl\u00e4gg bifoga bild i format jpg. Vi f\u00f6ruts\u00e4tter att du har erforderliga tillst\u00e5nd f\u00f6r att publicera bilden online. Det \u00e4r ocks\u00e5 viktigt att du inte l\u00e5ter uppdraget dra ut p\u00e5 tiden, eftersom en h\u00e4ndelsefattig blogg g\u00f6r sig mindre bra i\u00a0en medie- och kommunikationspr\u00e4glad tid. N\u00e4r du skrivit ditt inl\u00e4gg, skicka det till webbansvarig\u00a0Daniel L\u00f6vgren\u00a0p\u00e5 daniel.lovgren@im.uu.se<\/p>\n<p>TACK f\u00f6r ditt bidrag!<\/p>\n","protected":false},"excerpt":{"rendered":"<p>V\u00e4lkommen till bloggen f\u00f6r och av medie- och kommunikationsforskare! P\u00e5 denna bloggplats kan du ta del av medie- och kommunikationsforskares p\u00e5g\u00e5ende och avslutade projekt, tankar och analyser, \u00e5sikter, gl\u00e4dje\u00e4mnen, men ocks\u00e5 problem och utmaningar. Bloggen \u00e4r t\u00e4nkt att ge insikt &hellip; <a href=\"https:\/\/arkiv.mediekom.se\/?page_id=563\">Continue reading <span class=\"meta-nav\">&rarr;<\/span><\/a><\/p>\n","protected":false},"author":1,"featured_media":0,"parent":0,"menu_order":6,"comment_status":"open","ping_status":"closed","template":"","meta":{"_mi_skip_tracking":false},"_links":{"self":[{"href":"https:\/\/arkiv.mediekom.se\/index.php?rest_route=\/wp\/v2\/pages\/563"}],"collection":[{"href":"https:\/\/arkiv.mediekom.se\/index.php?rest_route=\/wp\/v2\/pages"}],"about":[{"href":"https:\/\/arkiv.mediekom.se\/index.php?rest_route=\/wp\/v2\/types\/page"}],"author":[{"embeddable":true,"href":"https:\/\/arkiv.mediekom.se\/index.php?rest_route=\/wp\/v2\/users\/1"}],"replies":[{"embeddable":true,"href":"https:\/\/arkiv.mediekom.se\/index.php?rest_route=%2Fwp%2Fv2%2Fcomments&post=563"}],"version-history":[{"count":6,"href":"https:\/\/arkiv.mediekom.se\/index.php?rest_route=\/wp\/v2\/pages\/563\/revisions"}],"predecessor-version":[{"id":2226,"href":"https:\/\/arkiv.mediekom.se\/index.php?rest_route=\/wp\/v2\/pages\/563\/revisions\/2226"}],"wp:attachment":[{"href":"https:\/\/arkiv.mediekom.se\/index.php?rest_route=%2Fwp%2Fv2%2Fmedia&parent=563"}],"curies":[{"name":"wp","href":"https:\/\/api.w.org\/{rel}","templated":true}]}}