{"id":48,"date":"2010-10-28T20:41:32","date_gmt":"2010-10-28T20:41:32","guid":{"rendered":"http:\/\/arkiv.mediekom.se\/?page_id=48"},"modified":"2024-03-26T09:15:17","modified_gmt":"2024-03-26T09:15:17","slug":"program","status":"publish","type":"page","link":"https:\/\/arkiv.mediekom.se\/?page_id=48","title":{"rendered":"Protokoll"},"content":{"rendered":"\n<p><strong>2023<\/strong><\/p>\n\n\n\n<div class=\"wp-block-file\"><a id=\"wp-block-file--media-fed13c6d-55f4-4c3a-9a9c-52fa2f6d46a7\" href=\"http:\/\/arkiv.mediekom.se\/wp-content\/uploads\/2024\/03\/Protokoll-FSMK-22-mars-2024.pdf\">Protokoll-FSMK-22-mars-2024<\/a><a href=\"http:\/\/arkiv.mediekom.se\/wp-content\/uploads\/2024\/03\/Protokoll-FSMK-22-mars-2024.pdf\" class=\"wp-block-file__button wp-element-button\" download aria-describedby=\"wp-block-file--media-fed13c6d-55f4-4c3a-9a9c-52fa2f6d46a7\">Download<\/a><\/div>\n\n\n\n<div class=\"wp-block-file\"><a id=\"wp-block-file--media-cffed8c2-9bf0-4da8-a99b-cd152244c9da\" href=\"http:\/\/arkiv.mediekom.se\/wp-content\/uploads\/2024\/01\/Protokoll-FMSK-24.1-2024.pdf\">Protokoll-FMSK-24.1-2024<\/a><a href=\"http:\/\/arkiv.mediekom.se\/wp-content\/uploads\/2024\/01\/Protokoll-FMSK-24.1-2024.pdf\" class=\"wp-block-file__button wp-element-button\" download aria-describedby=\"wp-block-file--media-cffed8c2-9bf0-4da8-a99b-cd152244c9da\">Download<\/a><\/div>\n\n\n\n<div class=\"wp-block-file\"><a id=\"wp-block-file--media-e8c84ead-e915-42dc-bccf-b9154ebd352c\" href=\"http:\/\/arkiv.mediekom.se\/wp-content\/uploads\/2024\/01\/Protokoll-FSMK-6.12-2023.pdf\">Protokoll-FSMK-6.12-2023<\/a><a href=\"http:\/\/arkiv.mediekom.se\/wp-content\/uploads\/2024\/01\/Protokoll-FSMK-6.12-2023.pdf\" class=\"wp-block-file__button wp-element-button\" download aria-describedby=\"wp-block-file--media-e8c84ead-e915-42dc-bccf-b9154ebd352c\">Download<\/a><\/div>\n\n\n\n<div class=\"wp-block-file\"><a id=\"wp-block-file--media-721a5bf6-19f7-4a4d-b03d-2a338335c628\" href=\"http:\/\/arkiv.mediekom.se\/wp-content\/uploads\/2023\/10\/Protokoll-FSMK-20-sept-2023.pdf\">Protokoll-FSMK-20-sept-2023<\/a><a href=\"http:\/\/arkiv.mediekom.se\/wp-content\/uploads\/2023\/10\/Protokoll-FSMK-20-sept-2023.pdf\" class=\"wp-block-file__button wp-element-button\" download aria-describedby=\"wp-block-file--media-721a5bf6-19f7-4a4d-b03d-2a338335c628\">Download<\/a><\/div>\n\n\n\n<div class=\"wp-block-file\"><a id=\"wp-block-file--media-dc0d1a9e-0018-4182-94c5-d0dafc271d85\" href=\"http:\/\/arkiv.mediekom.se\/wp-content\/uploads\/2023\/09\/Protokoll-FSMK-31.8-2023.pdf\">Protokoll-FSMK-31.8-2023<\/a><a href=\"http:\/\/arkiv.mediekom.se\/wp-content\/uploads\/2023\/09\/Protokoll-FSMK-31.8-2023.pdf\" class=\"wp-block-file__button wp-element-button\" download aria-describedby=\"wp-block-file--media-dc0d1a9e-0018-4182-94c5-d0dafc271d85\">Download<\/a><\/div>\n\n\n\n<div class=\"wp-block-file\"><a id=\"wp-block-file--media-fd979040-2139-4898-8c10-264501b735a3\" href=\"http:\/\/arkiv.mediekom.se\/wp-content\/uploads\/2023\/09\/Protokoll-arsmote-2023.pdf\">Protokoll-arsmote-2023<\/a><a href=\"http:\/\/arkiv.mediekom.se\/wp-content\/uploads\/2023\/09\/Protokoll-arsmote-2023.pdf\" class=\"wp-block-file__button wp-element-button\" download aria-describedby=\"wp-block-file--media-fd979040-2139-4898-8c10-264501b735a3\">Download<\/a><\/div>\n\n\n\n<div class=\"wp-block-file\"><a id=\"wp-block-file--media-e8854f38-8253-4a62-a90d-3bf17929c96a\" href=\"http:\/\/arkiv.mediekom.se\/wp-content\/uploads\/2023\/05\/Protokoll-FSMKS-styrelsemote-230509.pdf\">Protokoll-FSMKS-styrelsemote-230509<\/a><a href=\"http:\/\/arkiv.mediekom.se\/wp-content\/uploads\/2023\/05\/Protokoll-FSMKS-styrelsemote-230509.pdf\" class=\"wp-block-file__button wp-element-button\" download aria-describedby=\"wp-block-file--media-e8854f38-8253-4a62-a90d-3bf17929c96a\">Download<\/a><\/div>\n\n\n\n<div class=\"wp-block-file\"><a id=\"wp-block-file--media-e8854f38-8253-4a62-a90d-3bf17929c96a\" href=\"http:\/\/arkiv.mediekom.se\/wp-content\/uploads\/2023\/05\/FSMK-protokoll-23-mars-2023-signed.pdf\">Protokoll-FSMK-styrelsem\u00f6te-230323<\/a><a href=\"http:\/\/arkiv.mediekom.se\/wp-content\/uploads\/2023\/05\/FSMK-protokoll-23-mars-2023-signed.pdf\" class=\"wp-block-file__button wp-element-button\" download aria-describedby=\"wp-block-file--media-e8854f38-8253-4a62-a90d-3bf17929c96a\">Download<\/a><\/div>\n\n\n\n<div class=\"wp-block-file\"><a id=\"wp-block-file--media-e8854f38-8253-4a62-a90d-3bf17929c96a\" href=\"http:\/\/arkiv.mediekom.se\/wp-content\/uploads\/2023\/03\/Protokoll-FSMK-9-jan-2023-justerat-signed.pdf\">Protokoll_FSMK-styrelsem\u00f6te-230109<\/a><a href=\"http:\/\/arkiv.mediekom.se\/wp-content\/uploads\/2023\/03\/Protokoll-FSMK-9-jan-2023-justerat-signed.pdf\" class=\"wp-block-file__button wp-element-button\" download aria-describedby=\"wp-block-file--media-e8854f38-8253-4a62-a90d-3bf17929c96a\">Download<\/a><\/div>\n\n\n\n<p><strong>2022<\/strong><\/p>\n\n\n\n<div class=\"wp-block-file\"><a id=\"wp-block-file--media-e8854f38-8253-4a62-a90d-3bf17929c96a\" href=\"http:\/\/arkiv.mediekom.se\/wp-content\/uploads\/2023\/01\/Protokoll_FSMK-styrelsem\u00f6te-221219.pdf\">Protokoll_FSMK-styrelsem\u00f6te-221219<\/a><a href=\"http:\/\/arkiv.mediekom.se\/wp-content\/uploads\/2023\/01\/Protokoll_FSMK-styrelsem\u00f6te-221219.pdf\" class=\"wp-block-file__button wp-element-button\" download aria-describedby=\"wp-block-file--media-e8854f38-8253-4a62-a90d-3bf17929c96a\">Download<\/a><\/div>\n\n\n\n<div class=\"wp-block-file\"><a id=\"wp-block-file--media-e8854f38-8253-4a62-a90d-3bf17929c96a\" href=\"http:\/\/arkiv.mediekom.se\/wp-content\/uploads\/2022\/11\/Protokoll_FSMK_171122_solange-MA-sign-PDF-signed.pdf\">Protokoll-FSMK Styrelsem\u00f6te 221117<\/a><a href=\"http:\/\/arkiv.mediekom.se\/wp-content\/uploads\/2022\/08\/Protokoll-FSMK-s-styrelsemote-\u2013-24-augusti-2022_final-signed-signed-2.pdf\" class=\"wp-block-file__button wp-element-button\" download aria-describedby=\"wp-block-file--media-e8854f38-8253-4a62-a90d-3bf17929c96a\">Download<\/a><\/div>\n\n\n\n<div class=\"wp-block-file\"><a id=\"wp-block-file--media-e8854f38-8253-4a62-a90d-3bf17929c96a\" href=\"http:\/\/arkiv.mediekom.se\/wp-content\/uploads\/2022\/10\/Protokoll-FSMK-26-sept-2022.pdf\">Protokoll-FSMK Styrelsem\u00f6te 220926<\/a><a href=\"http:\/\/arkiv.mediekom.se\/wp-content\/uploads\/2022\/08\/Protokoll-FSMK-s-styrelsemote-\u2013-24-augusti-2022_final-signed-signed-2.pdf\" class=\"wp-block-file__button wp-element-button\" download aria-describedby=\"wp-block-file--media-e8854f38-8253-4a62-a90d-3bf17929c96a\">Download<\/a><\/div>\n\n\n\n<div class=\"wp-block-file\"><a id=\"wp-block-file--media-e8854f38-8253-4a62-a90d-3bf17929c96a\" href=\"http:\/\/arkiv.mediekom.se\/wp-content\/uploads\/2022\/08\/Protokoll-FSMK-s-styrelsemote-\u2013-24-augusti-2022_final-signed-signed-2.pdf\">Protokoll-FSMK Styrelsem\u00f6te 220824<\/a><a href=\"http:\/\/arkiv.mediekom.se\/wp-content\/uploads\/2022\/08\/Protokoll-FSMK-s-styrelsemote-\u2013-24-augusti-2022_final-signed-signed-2.pdf\" class=\"wp-block-file__button wp-element-button\" download aria-describedby=\"wp-block-file--media-e8854f38-8253-4a62-a90d-3bf17929c96a\">Download<\/a><\/div>\n\n\n\n<div class=\"wp-block-file\"><a id=\"wp-block-file--media-0fbf1114-a821-413e-9ab4-aacbe7ec6d70\" href=\"http:\/\/arkiv.mediekom.se\/wp-content\/uploads\/2023\/01\/Protokoll_FSMKs-konstituerande-styrelsensm\u00f6te-20220608.pdf\">Protokoll_FSMKs konstituerande styrelsem\u00f6te 20220608<\/a><a href=\"http:\/\/arkiv.mediekom.se\/wp-content\/uploads\/2023\/01\/Protokoll_FSMKs-konstituerande-styrelsensm\u00f6te-20220608.pdf\" class=\"wp-block-file__button wp-element-button\" download aria-describedby=\"wp-block-file--media-0fbf1114-a821-413e-9ab4-aacbe7ec6d70\">Download<\/a><\/div>\n\n\n\n<div class=\"wp-block-file\"><a id=\"wp-block-file--media-0fbf1114-a821-413e-9ab4-aacbe7ec6d70\" href=\"http:\/\/arkiv.mediekom.se\/wp-content\/uploads\/2023\/01\/Protokoll-FSMKs-\u00e5rsm\u00f6te-220506_.pdf\">Protokoll-FSMKs \u00e5rsm\u00f6te 220506_<\/a><a href=\"http:\/\/arkiv.mediekom.se\/wp-content\/uploads\/2023\/01\/Protokoll-FSMKs-\u00e5rsm\u00f6te-220506_.pdf\" class=\"wp-block-file__button wp-element-button\" download aria-describedby=\"wp-block-file--media-0fbf1114-a821-413e-9ab4-aacbe7ec6d70\">Download<\/a><\/div>\n\n\n\n<div class=\"wp-block-file\"><a id=\"wp-block-file--media-0fbf1114-a821-413e-9ab4-aacbe7ec6d70\" href=\"http:\/\/arkiv.mediekom.se\/wp-content\/uploads\/2023\/01\/Protokoll-FSMK-Styrelsem\u00f6te-220404.pdf\">Protokoll-FSMK Styrelsem\u00f6te 220404<\/a><a href=\"http:\/\/arkiv.mediekom.se\/wp-content\/uploads\/2023\/01\/Protokoll-FSMK-Styrelsem\u00f6te-220404.pdf\" class=\"wp-block-file__button wp-element-button\" download aria-describedby=\"wp-block-file--media-0fbf1114-a821-413e-9ab4-aacbe7ec6d70\">Download<\/a><\/div>\n\n\n\n<div class=\"wp-block-file\"><a id=\"wp-block-file--media-0fbf1114-a821-413e-9ab4-aacbe7ec6d70\" href=\"http:\/\/arkiv.mediekom.se\/wp-content\/uploads\/2022\/01\/Protokoll-FSMKs-styrelsemote_12-jan-2022.pdf\">Protokoll-FSMK Styrelsem\u00f6te 220112<\/a><a href=\"http:\/\/arkiv.mediekom.se\/wp-content\/uploads\/2022\/01\/Protokoll-FSMKs-styrelsemote_12-jan-2022.pdf\" class=\"wp-block-file__button wp-element-button\" download aria-describedby=\"wp-block-file--media-0fbf1114-a821-413e-9ab4-aacbe7ec6d70\">Download<\/a><\/div>\n\n\n\n<p><strong>2021<\/strong><\/p>\n\n\n\n<div class=\"wp-block-file\"><a id=\"wp-block-file--media-e8854f38-8253-4a62-a90d-3bf17929c96a\" href=\"http:\/\/arkiv.mediekom.se\/wp-content\/uploads\/2021\/10\/Protokoll-FSMK-14-okt-2021.pdf\">Protokoll-FSMK-14-okt-2021<\/a><a href=\"http:\/\/arkiv.mediekom.se\/wp-content\/uploads\/2021\/10\/Protokoll-FSMK-14-okt-2021.pdf\" class=\"wp-block-file__button wp-element-button\" download aria-describedby=\"wp-block-file--media-e8854f38-8253-4a62-a90d-3bf17929c96a\">Download<\/a><\/div>\n\n\n\n<div class=\"wp-block-file\"><a id=\"wp-block-file--media-35a22f16-ccf2-4118-957b-df9395ba778e\" href=\"http:\/\/arkiv.mediekom.se\/wp-content\/uploads\/2021\/08\/FSMKs-arsmotesprotokoll-2021-2.pdf\">FSMKs-arsmotesprotokoll-2021-2<\/a><a href=\"http:\/\/arkiv.mediekom.se\/wp-content\/uploads\/2021\/08\/FSMKs-arsmotesprotokoll-2021-2.pdf\" class=\"wp-block-file__button wp-element-button\" download aria-describedby=\"wp-block-file--media-35a22f16-ccf2-4118-957b-df9395ba778e\">Download<\/a><\/div>\n\n\n\n<div class=\"wp-block-file\"><a id=\"wp-block-file--media-15ca60a3-ef80-4a1f-86a1-19c788978ac9\" href=\"http:\/\/arkiv.mediekom.se\/wp-content\/uploads\/2021\/09\/Protokoll-styrelsemote-14-sept-1.pdf\">Protokoll-styrelsemote-14-sept-1<\/a><a href=\"http:\/\/arkiv.mediekom.se\/wp-content\/uploads\/2021\/09\/Protokoll-styrelsemote-14-sept-1.pdf\" class=\"wp-block-file__button wp-element-button\" download aria-describedby=\"wp-block-file--media-15ca60a3-ef80-4a1f-86a1-19c788978ac9\">Download<\/a><\/div>\n\n\n\n<div class=\"wp-block-file\"><a id=\"wp-block-file--media-30248c04-a9bc-4c05-9da0-a0731c91f98c\" href=\"http:\/\/arkiv.mediekom.se\/wp-content\/uploads\/2021\/05\/Protokoll-FSMK_12maj2021.pdf\">Protokoll-FSMK_12maj2021<\/a><a href=\"http:\/\/arkiv.mediekom.se\/wp-content\/uploads\/2021\/05\/Protokoll-FSMK_12maj2021.pdf\" class=\"wp-block-file__button wp-element-button\" download aria-describedby=\"wp-block-file--media-30248c04-a9bc-4c05-9da0-a0731c91f98c\">Download<\/a><\/div>\n\n\n\n<div class=\"wp-block-file\"><a id=\"wp-block-file--media-c35fbe4f-fd55-46f1-8b0a-3822944f39a5\" href=\"http:\/\/arkiv.mediekom.se\/wp-content\/uploads\/2021\/05\/Protokoll-23-april.pdf\">Protokoll-23-april<\/a><a href=\"http:\/\/arkiv.mediekom.se\/wp-content\/uploads\/2021\/05\/Protokoll-23-april.pdf\" class=\"wp-block-file__button wp-element-button\" download aria-describedby=\"wp-block-file--media-c35fbe4f-fd55-46f1-8b0a-3822944f39a5\">Download<\/a><\/div>\n\n\n\n<div class=\"wp-block-file\"><a id=\"wp-block-file--media-eda86191-1299-4d4c-b603-1aee1a1be256\" href=\"http:\/\/arkiv.mediekom.se\/wp-content\/uploads\/2021\/04\/Protokoll-29-mars-2021-2.pdf\"><br>Protokoll-29-mars-2021<\/a><a href=\"http:\/\/arkiv.mediekom.se\/wp-content\/uploads\/2021\/04\/Protokoll-29-mars-2021-2.pdf\" class=\"wp-block-file__button wp-element-button\" download aria-describedby=\"wp-block-file--media-eda86191-1299-4d4c-b603-1aee1a1be256\">Download<\/a><\/div>\n\n\n\n<div class=\"wp-block-file\"><a id=\"wp-block-file--media-4b463cb1-4a70-4288-ab7a-b2e33036c080\" href=\"http:\/\/arkiv.mediekom.se\/wp-content\/uploads\/2021\/02\/Protokoll25februari2021.pdf\">Protokoll25februari2021<\/a><a href=\"http:\/\/arkiv.mediekom.se\/wp-content\/uploads\/2021\/02\/Protokoll25februari2021.pdf\" class=\"wp-block-file__button wp-element-button\" download aria-describedby=\"wp-block-file--media-4b463cb1-4a70-4288-ab7a-b2e33036c080\">Download<\/a><\/div>\n\n\n\n<div class=\"wp-block-file\"><a id=\"wp-block-file--media-36c5ec6e-0793-4123-a734-46088bd439fa\" href=\"http:\/\/arkiv.mediekom.se\/wp-content\/uploads\/2021\/01\/Protokoll-26-januari-2021.pdf\"><br>Protokoll-26-januari-2021<\/a><a href=\"http:\/\/arkiv.mediekom.se\/wp-content\/uploads\/2021\/01\/Protokoll-26-januari-2021.pdf\" class=\"wp-block-file__button wp-element-button\" download aria-describedby=\"wp-block-file--media-36c5ec6e-0793-4123-a734-46088bd439fa\">Download<\/a><\/div>\n\n\n\n<p><strong>2020<\/strong><\/p>\n\n\n\n<div class=\"wp-block-file\"><a id=\"wp-block-file--media-ae448441-57c0-403e-a49b-d3a6fdcd6641\" href=\"http:\/\/arkiv.mediekom.se\/wp-content\/uploads\/2021\/01\/FSMKs-arsmotesprotokoll-.pdf\">FSMKs-arsmotesprotokoll-<\/a><a href=\"http:\/\/arkiv.mediekom.se\/wp-content\/uploads\/2021\/01\/FSMKs-arsmotesprotokoll-.pdf\" class=\"wp-block-file__button wp-element-button\" download aria-describedby=\"wp-block-file--media-ae448441-57c0-403e-a49b-d3a6fdcd6641\">Download<\/a><\/div>\n\n\n\n<p><a href=\"http:\/\/arkiv.mediekom.se\/?attachment_id=2234\">Protokoll november 2020<\/a><\/p>\n\n\n\n<p><a href=\"http:\/\/arkiv.mediekom.se\/?attachment_id=2227\">Protokoll september 2020<\/a><\/p>\n\n\n\n<p><a href=\"http:\/\/arkiv.mediekom.se\/?attachment_id=2206\">Protokoll juni 2020<\/a><\/p>\n\n\n\n<p><a href=\"http:\/\/arkiv.mediekom.se\/?attachment_id=2232\">Protokoll februari 2020<\/a><\/p>\n\n\n\n<p><strong>2019<\/strong><\/p>\n\n\n\n<p><a href=\"http:\/\/arkiv.mediekom.se\/wp-content\/uploads\/2019\/12\/Protokoll_FSMKkonstituerande_8okt2019_2.pdf\">Protokoll_oktober_2019<\/a><\/p>\n\n\n\n<p><a href=\"http:\/\/arkiv.mediekom.se\/?attachment_id=2239\">\u00c5rsm\u00f6tesprotokoll, augusti 2019<\/a> &amp; <a href=\"http:\/\/arkiv.mediekom.se\/?attachment_id=2240\">justerat \u00e5rsm\u00f6tesprotokoll 2019<\/a><\/p>\n\n\n\n<div class=\"wp-block-file\"><a id=\"wp-block-file--media-c64068ba-3453-48f8-b1ca-534fc5bde29f\" href=\"http:\/\/arkiv.mediekom.se\/wp-content\/uploads\/2019\/07\/Protokoll_juni_2019.pdf\">Protokoll_juni_2019<\/a><a href=\"http:\/\/arkiv.mediekom.se\/wp-content\/uploads\/2019\/07\/Protokoll_juni_2019.pdf\" class=\"wp-block-file__button wp-element-button\" download aria-describedby=\"wp-block-file--media-c64068ba-3453-48f8-b1ca-534fc5bde29f\">Download<\/a><\/div>\n\n\n\n<div class=\"wp-block-file\"><a id=\"wp-block-file--media-326d9bc3-0d80-40cc-8cb9-560485221d8e\" href=\"http:\/\/arkiv.mediekom.se\/wp-content\/uploads\/2019\/06\/Protokoll-FSMKs-styrelsem\u00f6te-15-maj-20191-1.pdf\">Protokoll_maj 2019<\/a><a href=\"http:\/\/arkiv.mediekom.se\/wp-content\/uploads\/2019\/06\/Protokoll-FSMKs-styrelsem\u00f6te-15-maj-20191-1.pdf\" class=\"wp-block-file__button wp-element-button\" download aria-describedby=\"wp-block-file--media-326d9bc3-0d80-40cc-8cb9-560485221d8e\">Download<\/a><\/div>\n\n\n\n<p><a rel=\"attachment wp-att-1973\" href=\"http:\/\/arkiv.mediekom.se\/?attachment_id=1973\">Protokoll_Februari 2019<\/a><\/p>\n\n\n\n<p><strong>2018<\/strong><\/p>\n\n\n\n<div class=\"wp-block-file\"><a id=\"wp-block-file--media-14497285-6d37-4ffe-9fbf-5c19c75cc99a\" href=\"http:\/\/arkiv.mediekom.se\/wp-content\/uploads\/2018\/12\/Protokoll_Nov-2018.pdf\">Protokoll_Nov 2018<\/a><a href=\"http:\/\/arkiv.mediekom.se\/wp-content\/uploads\/2018\/12\/Protokoll_Nov-2018.pdf\" class=\"wp-block-file__button wp-element-button\" download aria-describedby=\"wp-block-file--media-14497285-6d37-4ffe-9fbf-5c19c75cc99a\">Download<\/a><\/div>\n\n\n\n<div class=\"wp-block-file\"><a id=\"wp-block-file--media-87990697-f10e-4b93-8789-60bd22ae4b10\" href=\"http:\/\/arkiv.mediekom.se\/wp-content\/uploads\/2018\/10\/Protokoll-sept-2018.pdf\">Protokoll sept 2018<\/a><a href=\"http:\/\/arkiv.mediekom.se\/wp-content\/uploads\/2018\/10\/Protokoll-sept-2018.pdf\" class=\"wp-block-file__button wp-element-button\" download aria-describedby=\"wp-block-file--media-87990697-f10e-4b93-8789-60bd22ae4b10\">Download<\/a><\/div>\n\n\n<p><a href=\"http:\/\/arkiv.mediekom.se\/?attachment_id=1862\" rel=\"attachment wp-att-1862\">Protokoll_Juni_2018<\/a><\/p>\n<p><a href=\"http:\/\/arkiv.mediekom.se\/?attachment_id=1876\" rel=\"attachment wp-att-1876\">Protokoll_arsmote 2018<\/a><\/p>\n<p><a href=\"http:\/\/arkiv.mediekom.se\/?attachment_id=1874\" rel=\"attachment wp-att-1874\">Protokoll maj 2018<\/a><\/p>\n<p><a href=\"http:\/\/arkiv.mediekom.se\/?attachment_id=1878\" rel=\"attachment wp-att-1878\">Aarsmote 2018 dagordning<\/a><\/p>\n<p><a href=\"http:\/\/arkiv.mediekom.se\/?attachment_id=1877\" rel=\"attachment wp-att-1877\">Valberedforslag FSMK styrelse 2018-19<\/a><\/p>\n<p><a href=\"http:\/\/arkiv.mediekom.se\/?attachment_id=1779\" rel=\"attachment wp-att-1779\">Protokoll-feb-2018<\/a><\/p>\n<p><strong>2017<\/strong><\/p>\n<p><a href=\"http:\/\/arkiv.mediekom.se\/?attachment_id=1693\" rel=\"attachment wp-att-1693\">Protokoll-dec-2017<\/a><\/p>\n<p><a href=\"http:\/\/arkiv.mediekom.se\/?attachment_id=1649\" rel=\"attachment wp-att-1649\">Protokoll-nov-2017<\/a><\/p>\n<p>\u00c5rsm\u00f6tesprotokoll:&nbsp;<a href=\"http:\/\/arkiv.mediekom.se\/?attachment_id=1603\" rel=\"attachment wp-att-1603\">Protokoll-aarsmote-2017<\/a><\/p>\n<p><a href=\"http:\/\/arkiv.mediekom.se\/?attachment_id=1504\" rel=\"attachment wp-att-1504\">Protokoll-maj-2017<\/a><\/p>\n<p><a href=\"http:\/\/arkiv.mediekom.se\/?attachment_id=1433\" rel=\"attachment wp-att-1433\">Protokoll-jan-2017<\/a><\/p>\n<p><a href=\"http:\/\/arkiv.mediekom.se\/?attachment_id=1470\" rel=\"attachment wp-att-1470\">Protokoll mars 2017<\/a><\/p>\n<p><strong>2016<\/strong><\/p>\n<p><a href=\"http:\/\/arkiv.mediekom.se\/?attachment_id=1406\" rel=\"attachment wp-att-1406\">protokoll-dec-2016<\/a><\/p>\n<p><a href=\"http:\/\/arkiv.mediekom.se\/?attachment_id=1356\" rel=\"attachment wp-att-1356\">protokoll-oktober-2016<\/a><\/p>\n<p><a href=\"http:\/\/arkiv.mediekom.se\/?attachment_id=1342\" rel=\"attachment wp-att-1342\">protokoll-sept-2016<\/a><\/p>\n<p><a href=\"http:\/\/arkiv.mediekom.se\/?attachment_id=1281\" rel=\"attachment wp-att-1281\">protokoll juni 2016<\/a><\/p>\n<p>\u00c5rsm\u00f6tesprotokoll:&nbsp;<a href=\"http:\/\/arkiv.mediekom.se\/?attachment_id=1275\" rel=\"attachment wp-att-1275\">arsmotesprotokoll-2016<\/a><\/p>\n<p><a href=\"http:\/\/arkiv.mediekom.se\/?attachment_id=1240\" rel=\"attachment wp-att-1240\">protokoll april 2016<\/a><\/p>\n<p><a href=\"http:\/\/arkiv.mediekom.se\/?attachment_id=1212\" rel=\"attachment wp-att-1212\">protokoll mars 2016<\/a><\/p>\n<p><a href=\"http:\/\/arkiv.mediekom.se\/wp-content\/uploads\/2016\/01\/Protokoll-Jan-2016.pdf\">Protokoll-Jan-2016<\/a><\/p>\n<p><strong>2015<\/strong><\/p>\n<p><a href=\"http:\/\/arkiv.mediekom.se\/wp-content\/uploads\/2015\/11\/protokoll_FSMK_13nov15.pdf\">protokoll_FSMK_13nov15<\/a><\/p>\n<p><a href=\"http:\/\/arkiv.mediekom.se\/wp-content\/uploads\/2015\/09\/Protokoll-28-sep-2015.pdf\">Protokoll-28-sep-2015<\/a><\/p>\n<p><a href=\"http:\/\/arkiv.mediekom.se\/wp-content\/uploads\/2015\/11\/FSMK-arsmotesprotokoll-2015.pdf\">FSMK-arsmotesprotokoll-2015<\/a><\/p>\n<p><a href=\"http:\/\/arkiv.mediekom.se\/wp-content\/uploads\/2015\/08\/Protokoll-11-juni-2015.pdf\">Protokoll-11-juni-2015<\/a><\/p>\n<p><a href=\"http:\/\/arkiv.mediekom.se\/?attachment_id=934\" rel=\"attachment wp-att-934\">Protokoll FSMKs 5 februari 2015<\/a><\/p>\n<p><a href=\"http:\/\/arkiv.mediekom.se\/wp-content\/uploads\/2015\/08\/Protokoll-23-april-2015.pdf\">Protokoll-23-april-2015<\/a><\/p>\n<p><strong>2014<\/strong><\/p>\n<p><a href=\"http:\/\/arkiv.mediekom.se\/wp-content\/uploads\/2015\/01\/protokoll-10-december-2014-.pdf\">protokoll 10 december 2014<\/a><\/p>\n<p><a href=\"http:\/\/arkiv.mediekom.se\/wp-content\/uploads\/2014\/10\/protokoll-24-okt-2014.pdf\">protokoll 24 okt 2014<\/a><\/p>\n<p><a href=\"http:\/\/arkiv.mediekom.se\/wp-content\/uploads\/2014\/10\/Protokoll-sept-30-2014.pdf\">Protokoll sept 30 2014<\/a><\/p>\n<p><a href=\"http:\/\/arkiv.mediekom.se\/wp-content\/uploads\/2014\/11\/protokoll-maj-2014.pdf\">protokoll maj 2014<\/a><\/p>\n<p><a href=\"http:\/\/arkiv.mediekom.se\/wp-content\/uploads\/2015\/08\/Protokoll-1-april-2014.pdf\">Protokoll-1-april-2014<\/a><\/p>\n<div title=\"Page 1\">\n<p><a href=\"http:\/\/arkiv.mediekom.se\/wp-content\/uploads\/2015\/08\/Protokoll-feb-2014.pdf\">Protokoll-feb-2014<\/a><\/p>\n<\/div>\n<p><strong>2013<\/strong><\/p>\n<p><a href=\"http:\/\/arkiv.mediekom.se\/?attachment_id=989\" rel=\"attachment wp-att-989\">Resultatrakning 2013-2014<\/a><\/p>\n<p><a href=\"http:\/\/arkiv.mediekom.se\/?attachment_id=1516\" rel=\"attachment wp-att-1516\">protokoll-FSMK-11-november-2013<\/a><\/p>\n<p><a href=\"http:\/\/arkiv.mediekom.se\/wp-content\/uploads\/2010\/10\/Protokoll-FSMK-14-mars-1.docx\">Styrelseprotokoll mars 2013<\/a><\/p>\n<p><strong>2012<\/strong><\/p>\n<p><a href=\"http:\/\/arkiv.mediekom.se\/wp-content\/uploads\/2010\/10\/Styrelseprotokoll-augusti.pdf\">Styrelseprotokoll augusti 2012<\/a><\/p>\n<p><strong>2011<\/strong><\/p>\n<p><a href=\"http:\/\/arkiv.mediekom.se\/wp-content\/uploads\/2010\/10\/Arsmotesprotokoll2011.pdf\">\u00c5rsmotesprotokoll 2011<\/a><\/p>\n<p><a href=\"http:\/\/arkiv.mediekom.se\/wp-content\/uploads\/2010\/10\/2011_01_17_Protokoll_FSMK.pdf\">Styrelseprotokoll januari 2011<\/a><\/p>\n<p><strong>2010<\/strong><\/p>\n<p><a title=\"\u00c5rsm\u00f6tesprotokoll 2010\" href=\"http:\/\/arkiv.mediekom.se\/Dokument\/arsmotesprotokoll\/2010_arsmotesprotokoll_FSMK.pdf\">\u00c5rsm\u00f6tesprotokoll 2010<\/a><\/p>\n<p><a href=\"http:\/\/arkiv.mediekom.se\/wp-content\/uploads\/2010\/10\/2010_11_24_Protokoll_FSMK.pdf\">Styrelseprotokoll november 2010<\/a><\/p>\n<p><a href=\"http:\/\/arkiv.mediekom.se\/wp-content\/uploads\/2010\/10\/2010_09_30_Protokoll_FSMK.pdf\">Styrelseprotokoll september 2010<\/a><\/p>\n<p><strong>2009<\/strong><\/p>\n<p><a href=\"http:\/\/arkiv.mediekom.se\/wp-content\/uploads\/2010\/10\/2009_arsmotesprotokoll_FSMK.pdf\">\u00c5rsm\u00f6tesprotokoll 2009<\/a><\/p>\n<p><strong>2008<\/strong><\/p>\n<p><a href=\"http:\/\/arkiv.mediekom.se\/wp-content\/uploads\/2010\/10\/2008_arsmotesprotokoll_FSMK.pdf\">\u00c5rsm\u00f6tesprotokoll 2008<\/a><\/p>\n<p><a href=\"http:\/\/arkiv.mediekom.se\/wp-content\/uploads\/2010\/10\/Styrelseprotokoll_september_2008.pdf\">Styrelseprotokoll september 2008<\/a><\/p>\n<p><a href=\"http:\/\/arkiv.mediekom.se\/wp-content\/uploads\/2010\/10\/Styrelseprotokoll_februari_2008.pdf\">Styrelseprotokoll februari 2008<\/a><\/p>\n<p><strong>2007<\/strong><\/p>\n<p><a href=\"http:\/\/arkiv.mediekom.se\/wp-content\/uploads\/2010\/10\/2007_arsmotesprotokoll_FSMK.pdf\">\u00c5rsm\u00f6tesprotokoll 2007<\/a><\/p>\n<p><a href=\"http:\/\/arkiv.mediekom.se\/wp-content\/uploads\/2010\/10\/Styrelseprotokoll_december_2007.pdf\">Styrelseprotokoll december 2007<\/a><\/p>\n<p><a href=\"http:\/\/arkiv.mediekom.se\/wp-content\/uploads\/2010\/10\/Styrelseprotokoll_maj_2007.pdf\">Styrelseprotokoll maj 2007<\/a><\/p>\n<p><a href=\"http:\/\/arkiv.mediekom.se\/wp-content\/uploads\/2010\/10\/Styrelseprotokoll_januari_2007.pdf\">Styrelseprotokoll januari 2007<\/a><\/p>\n\n\n\n\n\n\n\n\n\n\n\n\n\n\n\n","protected":false},"excerpt":{"rendered":"<p>2023 2022 2021 2020 Protokoll november 2020 Protokoll september 2020 Protokoll juni 2020 Protokoll februari 2020 2019 Protokoll_oktober_2019 \u00c5rsm\u00f6tesprotokoll, augusti 2019 &amp; justerat \u00e5rsm\u00f6tesprotokoll 2019 Protokoll_Februari 2019 2018 Protokoll_Juni_2018 Protokoll_arsmote 2018 Protokoll maj 2018 Aarsmote 2018 dagordning Valberedforslag FSMK styrelse &hellip; <a href=\"https:\/\/arkiv.mediekom.se\/?page_id=48\">Continue reading <span class=\"meta-nav\">&rarr;<\/span><\/a><\/p>\n","protected":false},"author":1,"featured_media":0,"parent":0,"menu_order":4,"comment_status":"open","ping_status":"closed","template":"","meta":{"_mi_skip_tracking":false},"_links":{"self":[{"href":"https:\/\/arkiv.mediekom.se\/index.php?rest_route=\/wp\/v2\/pages\/48"}],"collection":[{"href":"https:\/\/arkiv.mediekom.se\/index.php?rest_route=\/wp\/v2\/pages"}],"about":[{"href":"https:\/\/arkiv.mediekom.se\/index.php?rest_route=\/wp\/v2\/types\/page"}],"author":[{"embeddable":true,"href":"https:\/\/arkiv.mediekom.se\/index.php?rest_route=\/wp\/v2\/users\/1"}],"replies":[{"embeddable":true,"href":"https:\/\/arkiv.mediekom.se\/index.php?rest_route=%2Fwp%2Fv2%2Fcomments&post=48"}],"version-history":[{"count":160,"href":"https:\/\/arkiv.mediekom.se\/index.php?rest_route=\/wp\/v2\/pages\/48\/revisions"}],"predecessor-version":[{"id":2628,"href":"https:\/\/arkiv.mediekom.se\/index.php?rest_route=\/wp\/v2\/pages\/48\/revisions\/2628"}],"wp:attachment":[{"href":"https:\/\/arkiv.mediekom.se\/index.php?rest_route=%2Fwp%2Fv2%2Fmedia&parent=48"}],"curies":[{"name":"wp","href":"https:\/\/api.w.org\/{rel}","templated":true}]}}