{"id":192,"date":"2011-11-07T11:26:48","date_gmt":"2011-11-07T11:26:48","guid":{"rendered":"http:\/\/arkiv.mediekom.se\/?page_id=192"},"modified":"2011-11-07T11:28:22","modified_gmt":"2011-11-07T11:28:22","slug":"stadgar","status":"publish","type":"page","link":"https:\/\/arkiv.mediekom.se\/?page_id=192","title":{"rendered":"Stadgar"},"content":{"rendered":"<h1>Stadgar f\u00f6r F\u00f6reningen f\u00f6r Svensk Medie- och Kommunikationsforskning<\/h1>\n<p>\u00a71. F\u00f6reningens namn \u00e4r: F\u00f6reningen f\u00f6r Svensk Medie- och Kommunikationsforskning (fsmk).<\/p>\n<p>\u00a72. F\u00f6reningens \u00e4ndam\u00e5l \u00e4r att fr\u00e4mja forskningen om journalistik, medier och kommunikation i Sverige.<\/p>\n<p>\u00a73. F\u00f6reningens fr\u00e4msta uppgifter \u00e4r<\/p>\n<ul>\n<li>att inom forskningsomr\u00e5det journalistik, medier och kommunikation vara ett tv\u00e4rvetenskapligt forum d\u00e4r forskare inom olika discipliner kan m\u00f6tas och utbyta informationer och erfarenheter<\/li>\n<li>att i kontakt med myndigheter och andra organ fr\u00e4mja forskningen inom f\u00f6reningens intresseomr\u00e5de<\/li>\n<li>att uppmuntra och stimulera debatt i teoretiska och metodologiska fr\u00e5gor inom omr\u00e5det<\/li>\n<li>att genom information och kontakter stimulera intresset f\u00f6r forskningsomr\u00e5det att stimulera samarbete mellan forskare samt mellan forskare och praktiker<\/li>\n<li>att verka f\u00f6r b\u00e4ttre villkor och \u00f6kade resurser till forskningen om journalistik, medier och kommunikation<\/li>\n<li>att verka f\u00f6r en b\u00e4ttre utbildning inom omr\u00e5det<\/li>\n<\/ul>\n<p>\u00a74. Fsmk:s verksamhet ut\u00f6vas p\u00e5 s\u00e5 s\u00e4tt som nedan stadgas om \u00e5rsm\u00f6te och styrelse.<\/p>\n<p>\u00a75. Som medlemmar i f\u00f6reningen kan antas personer som \u00e4r eller har varit forskare inom omr\u00e5det eller p\u00e5 annat s\u00e4tt dokumenterat ett intresse f\u00f6r s\u00e5dan forskning.<\/p>\n<p>\u00a76. Ans\u00f6kningar om medlemskap ska avg\u00f6ras av styrelsen.<\/p>\n<p>\u00a77. Styrelsens beslut om medlemskap kan \u00f6verklagas och ska d\u00e5 avg\u00f6ras av f\u00f6rsta ordinarie eller extra \u00e5rsm\u00f6te.<\/p>\n<p>\u00a78. Medlemskap i f\u00f6reningen f\u00f6ruts\u00e4tter erl\u00e4ggande av den medlemsavgift som fastst\u00e4llts av \u00e5rsm\u00f6tet<\/p>\n<p>\u00a79. Anm\u00e4lan om uttr\u00e4de ur f\u00f6reningen ska meddelas styrelsen.<\/p>\n<p>\u00a710. F\u00f6reningens h\u00f6gsta beslutande organ \u00e4r \u00e5rsm\u00f6tet.<\/p>\n<p>\u00a711. Ordinarie \u00e5rsm\u00f6te h\u00e5lls en g\u00e5ng per \u00e5r. \u00c5rsm\u00f6tet b\u00f6r anordnas i anslutning till det \u00e5rliga symposiet, vilket b\u00f6r rotera mellan de olika universitets- och h\u00f6gskoleorterna<\/p>\n<p>\u00a712. R\u00f6str\u00e4tt i f\u00f6reningen ut\u00f6vas av medlem personligen.<\/p>\n<p>\u00a713. Valbar till f\u00f6rtroendepost i f\u00f6reningen \u00e4r envar medlem.<\/p>\n<p>\u00a714. F\u00f6r att \u00e5rsm\u00f6tet ska vara beslutsm\u00e4ssigt fordras att minst tio medlemmar &#8211; ut\u00f6ver styrelsen &#8211; \u00e4r n\u00e4rvarande. Beslut i fr\u00e5gor upptagna under \u00a7 15 fattas med enkel majoritet. Vid lika r\u00f6stetal skiljer lotten. Personval sker genom sluten omr\u00f6stning om n\u00e5gon medlem beg\u00e4r det. \u00d6vrig omr\u00f6stning sker \u00f6ppet.<\/p>\n<p>\u00a715. Vid \u00e5rsm\u00f6tet ska f\u00f6rutom val av sammantr\u00e4desfunktion\u00e4rer och tv\u00e5 justeringsm\u00e4n samt dagordningens godk\u00e4nnande f\u00f6rekomma<\/p>\n<ol>\n<li>behandling av styrelsens verksamhetsber\u00e4ttelse och revisorernas ber\u00e4ttelse<\/li>\n<li>beviljande av ansvarsfrihet f\u00f6r styrelsen<\/li>\n<li>fastst\u00e4llande av inkomst- och utgiftsstat f\u00f6r det kommande verksamhets\u00e5ret<\/li>\n<li>val av styrelsens ordf\u00f6rande samt arbetande sekreterare och dennes suppleant<\/li>\n<li>val av \u00f6vriga styrelseledam\u00f6ter j\u00e4mte fem personliga suppleanter<\/li>\n<li>val av tv\u00e5 revisorer j\u00e4mte suppleanter<\/li>\n<li>val av eventuella representanter i andra organ<\/li>\n<li>val av valberedning<\/li>\n<li>\u00e4rende som styrelsens ordf\u00f6rande eller styrelsen finner f\u00f6r gott att upptaga p\u00e5 dagordningen samt<\/li>\n<li>\u00e4rende om vars behandling styrelseledamot, revisor eller enskild ledamot gjort skriftlig hemst\u00e4llan, vilken kommit sekreteraren tillhanda senast en m\u00e5nad f\u00f6re \u00e5rsm\u00f6tet<br \/>\nfastst\u00e4llande av tid och plats f\u00f6r n\u00e4sta symposium och \u00e5rsm\u00f6te<\/li>\n<li>\u00e4rende som ej i stadgad ordning upptagits p\u00e5 dagordning m\u00e5 endast bli f\u00f6rem\u00e5l f\u00f6r beslut s\u00e5vida \u00e5rsm\u00f6tet enh\u00e4lligt s\u00e5 beslutar.<\/li>\n<\/ol>\n<p>\u00a716. Skriftlig kallelse till ordinarie \u00e5rsm\u00f6te ska ske tv\u00e5 m\u00e5nader i f\u00f6rv\u00e4g. Dagordning och \u00f6vriga handlingar till sammantr\u00e4det uts\u00e4ndes per post till varje medlem senast10 dagar f\u00f6re sammantr\u00e4det.<\/p>\n<p>\u00a717. F\u00f6reningen sammantr\u00e4der p\u00e5 skriftlig kallelse av styrelsen till extra sammantr\u00e4de n\u00e4r styrelsen finner s\u00e5dant erforderligt eller beg\u00e4ran d\u00e4rom med uppgift om \u00e4rende, som \u00f6nskas behandlat, framst\u00e4lles av minst tio medlemmar.<\/p>\n<p>\u00a718. Extra sammantr\u00e4de ska h\u00e5llas inom 30 dagar efter det att beg\u00e4ran enligt \u00a7 17 inkommit till styrelsens sekreterare. Kallelse till extra sammantr\u00e4de ska j\u00e4mte dagordning uts\u00e4ndas med post till varje medlem senast 10 dagar f\u00f6re sammantr\u00e4det.<\/p>\n<p>\u00a719. Valberedningen ska best\u00e5 av tre ledam\u00f6ter, varav tv\u00e5 utses av \u00e5rsm\u00f6tet och en, sammankallande ledamot, av den avg\u00e5ende styrelsen. Beredningen har att till n\u00e4stkommande ordinarie \u00e5rsm\u00f6te framl\u00e4gga f\u00f6rslag till styrelse och \u00f6vriga funktion\u00e4rer enligt \u00a7 15, dock med undantag f\u00f6r ledam\u00f6ter i f\u00f6reningens valberedning.<\/p>\n<p>\u00a720. Styrelsen best\u00e5r av ordf\u00f6rande, vice ordf\u00f6rande, arbetande sekreterare, kassaf\u00f6rvaltare, ytterligare tre ordinarie ledam\u00f6ter samt sex personliga suppleanter. Styrelsen utser sj\u00e4lv inom sig vice ordf\u00f6rande och kassaf\u00f6rvaltare. Styrelsen ska om m\u00f6jligt vara s\u00e5 sammansatt att rimlig geografisk, \u00e4mnesm\u00e4ssig och k\u00f6nsm\u00e4ssig spridning f\u00f6religger. En styrelsemedlems mandatperiod ska vara ett verksamhets\u00e5r, dvs. perioden mellan tv\u00e5 \u00e5rsm\u00f6ten. Mandatet kan f\u00f6rnyas. Detta sker vid det ordinarie \u00e5rsm\u00f6tet. Medlem f\u00f6r inte inneha post i styrelsen mer \u00e4n fyra mandatperioder i f\u00f6ljd men kan omv\u00e4ljas vid ett senare tillf\u00e4lle. F\u00f6r att \u00e5stadkomma s\u00e5v\u00e4l kontinuitet som f\u00f6rnyelse b\u00f6r 2-4 nya styrelsemedlemmar (av 13) v\u00e4ljas vid varje \u00e5rsm\u00f6te.<\/p>\n<p>\u00a721. Sekreteraren \u00e4r styrelsens verkst\u00e4llande ledamot och f\u00f6redragande i styrelse.<\/p>\n<p>\u00a722. Styrelsen sammantr\u00e4der p\u00e5 kallelse av ordf\u00f6randen eller d\u00e5 minst 3 styrelseledam\u00f6ter s\u00e5 beg\u00e4r. Suppleanterna har r\u00e4tt att n\u00e4rvara och yttra sig vid sammantr\u00e4dena, till vilka de d\u00e4rf\u00f6r ska kallas. Suppleant saknar f\u00f6rslagsr\u00e4tt och \u00e4ger r\u00f6str\u00e4tt endast d\u00e5 ordinarie ledamot \u00e4r fr\u00e5nvarande<\/p>\n<p>\u00a723. F\u00f6r att styrelsen ska vara beslutsm\u00e4ssig, fordras att minst tre ledam\u00f6ter samt ordf\u00f6randen \u00e4r n\u00e4rvarande. Vid sidan av de styrelsem\u00f6ten som \u00e4r erforderliga f\u00f6r f\u00f6rberedande av \u00e5rsm\u00f6te ska minst ett styrelsesammantr\u00e4de h\u00e5llas varje v\u00e5r och varje h\u00f6st.<\/p>\n<p>\u00a724. Kallelse till styrelsesammantr\u00e4de ska uts\u00e4ndas per post till varje styrelseledamot och suppleant senast 7 dagar f\u00f6re sammantr\u00e4det. Om s\u00e4rskilda sk\u00e4l f\u00f6religger m\u00e5 kortare kallelsetid f\u00f6rekomma. I s\u00e5dant fall m\u00e5 \u00e4rende bli f\u00f6rem\u00e5l f\u00f6r beslut endast om styrelsen enh\u00e4lligt s\u00e5 beslutar. Kallelse per telefon m\u00e5 i s\u00e5dant fall \u00e4ven f\u00f6rekomma.<\/p>\n<p>\u00a725. Styrelsen \u00e5ligger<\/p>\n<ul>\n<li>att verkst\u00e4lla av f\u00f6reningen fattade beslut<\/li>\n<li>att i \u00f6vrigt handha f\u00f6reningens angel\u00e4genheter och f\u00f6rvalta dess tillg\u00e5ngar och skulder<\/li>\n<li>att till ordinarie \u00e5rsm\u00f6te avge verksamhetsber\u00e4ttelse f\u00f6r det g\u00e5ngna \u00e5ret<\/li>\n<li>att utarbeta f\u00f6rslag till utgifts- och inkomststat f\u00f6r det kommande verksamhets\u00e5ret<\/li>\n<li>att till \u00e5rsm\u00f6ten f\u00f6rbereda de \u00e4renden som ska f\u00f6redragas<\/li>\n<li>att varje \u00e5r ta initiativ till att anordna ett symposium, helst i samband med \u00e5rsm\u00f6tet<\/li>\n<\/ul>\n<p>\u00a726. Vid lika r\u00f6stetal \u00e5ligger ordf\u00f6randen utslagsr\u00f6st utom vid personval, d\u00e5 lotten skiljer.<\/p>\n<p>\u00a727. Personval sker medelst sluten omr\u00f6stning om n\u00e5gon ledamot s\u00e5 beg\u00e4r. \u00d6vriga omr\u00f6stningar sker \u00f6ppet.<\/p>\n<p>\u00a728. Styrelsesammantr\u00e4de m\u00e5 \u00e4ga rum per post eller telefon.<\/p>\n<p>\u00a729. F\u00f6reningens styrelse utser inom sig firmatecknare<\/p>\n<p>\u00a730. F\u00f6reningens r\u00e4kenskaper ska vederb\u00f6rligen avslutade och genomg\u00e5ngna senast 15\/4 \u00f6verl\u00e4mnas till revisorerna f\u00f6r granskning. Dessa ska senast 30\/4 tillsammans med revisionsber\u00e4ttelse \u00e5terl\u00e4mna de granskade r\u00e4kenskaperna till f\u00f6reningen.<\/p>\n<p>\u00a731. R\u00e4kenskaps\u00e5r ska l\u00f6pa fr\u00e5n 1 juli \u2013 30 juni. H\u00e5lles \u00e5rsm\u00f6te mer \u00e4n tre m\u00e5nader efter r\u00e4kenskaps\u00e5rets utg\u00e5ng ska interimsbokslut f\u00f6rel\u00e4ggas m\u00f6tet.<\/p>\n<p>\u00a732. Beslut om \u00e4ndring av dessa stadgar fattas av \u00e5rsm\u00f6tet med 2\/3 majoritet, eller enkel majoritet, eller enkel majoritet vid tv\u00e5 p\u00e5 varandra f\u00f6ljande \u00e5rsm\u00f6ten. Beslut om stadge\u00e4ndring f\u00f6ruts\u00e4tter att \u00e4rendet \u00e4r upptaget p\u00e5 dagordningen.<\/p>\n<p>\u00a733. Om f\u00f6reningen uppl\u00f6ses ska tillg\u00e5ngarna avs\u00e4ttas till en stipendiefond eller adderas till befintlig stipendiefond f\u00f6r forskning inom omr\u00e5det.<\/p>\n","protected":false},"excerpt":{"rendered":"<p>Stadgar f\u00f6r F\u00f6reningen f\u00f6r Svensk Medie- och Kommunikationsforskning \u00a71. F\u00f6reningens namn \u00e4r: F\u00f6reningen f\u00f6r Svensk Medie- och Kommunikationsforskning (fsmk). \u00a72. F\u00f6reningens \u00e4ndam\u00e5l \u00e4r att fr\u00e4mja forskningen om journalistik, medier och kommunikation i Sverige. \u00a73. F\u00f6reningens fr\u00e4msta uppgifter \u00e4r att inom &hellip; <a href=\"https:\/\/arkiv.mediekom.se\/?page_id=192\">Continue reading <span class=\"meta-nav\">&rarr;<\/span><\/a><\/p>\n","protected":false},"author":1,"featured_media":0,"parent":0,"menu_order":5,"comment_status":"open","ping_status":"closed","template":"","meta":{"_mi_skip_tracking":false},"_links":{"self":[{"href":"https:\/\/arkiv.mediekom.se\/index.php?rest_route=\/wp\/v2\/pages\/192"}],"collection":[{"href":"https:\/\/arkiv.mediekom.se\/index.php?rest_route=\/wp\/v2\/pages"}],"about":[{"href":"https:\/\/arkiv.mediekom.se\/index.php?rest_route=\/wp\/v2\/types\/page"}],"author":[{"embeddable":true,"href":"https:\/\/arkiv.mediekom.se\/index.php?rest_route=\/wp\/v2\/users\/1"}],"replies":[{"embeddable":true,"href":"https:\/\/arkiv.mediekom.se\/index.php?rest_route=%2Fwp%2Fv2%2Fcomments&post=192"}],"version-history":[{"count":3,"href":"https:\/\/arkiv.mediekom.se\/index.php?rest_route=\/wp\/v2\/pages\/192\/revisions"}],"predecessor-version":[{"id":197,"href":"https:\/\/arkiv.mediekom.se\/index.php?rest_route=\/wp\/v2\/pages\/192\/revisions\/197"}],"wp:attachment":[{"href":"https:\/\/arkiv.mediekom.se\/index.php?rest_route=%2Fwp%2Fv2%2Fmedia&parent=192"}],"curies":[{"name":"wp","href":"https:\/\/api.w.org\/{rel}","templated":true}]}}