{"id":149,"date":"2011-10-20T21:07:57","date_gmt":"2011-10-20T21:07:57","guid":{"rendered":"http:\/\/arkiv.mediekom.se\/?page_id=149"},"modified":"2024-05-20T10:15:56","modified_gmt":"2024-05-20T10:15:56","slug":"styrelse","status":"publish","type":"page","link":"https:\/\/arkiv.mediekom.se\/?page_id=149","title":{"rendered":"Styrelse"},"content":{"rendered":"<p><strong>Ordf\u00f6rande<\/strong><\/p>\n<p><a href=\"https:\/\/www.sh.se\/kontakt\/forskare\/goran-bolin\">G\u00f6ran Bolin, S\u00f6dert\u00f6rns h\u00f6gskola<\/a><\/p>\n<p><strong>Vice ordf\u00f6rande<\/strong><\/p>\n<p><a href=\"https:\/\/lnu.se\/personal\/rebecca.bengtssonlundin\/\">Rebecca Bengtsson Lundin, Linn\u00e9universitetet<\/a><\/p>\n<p><strong>Sekreterare<\/strong><\/p>\n<p><a href=\"https:\/\/www.miun.se\/Personal\/elisabethstur\/\">Elisabeth St\u00far, Mittuniversitetet\u00a0<\/a><\/p>\n<p><strong>Kass\u00f6r<\/strong><\/p>\n<div class=\"page\" title=\"Page 1\">\n<div class=\"section\">\n<div class=\"layoutArea\">\n<div class=\"column\">\n<p><a href=\"https:\/\/research.ims.su.se\/se\/profiles\/171-torbjorn-rolandsson\">Torbj\u00f6rn Rolandsson, Stockholms universitet<\/a><\/p>\n<\/div>\n<\/div>\n<\/div>\n<\/div>\n<p><span style=\"font-weight: 600;\">Kommunikat\u00f6r<\/span><\/p>\n<p><a href=\"https:\/\/mau.se\/personer\/maria.engberg\/\">Maria Engberg, Malm\u00f6 universitet<\/a><\/p>\n<p><strong>\u00d6vriga ledam\u00f6ter<\/strong><\/p>\n<div class=\"page\" title=\"Page 1\">\n<div class=\"section\">\n<div class=\"layoutArea\">\n<div class=\"column\">\n<div class=\"page\" title=\"Page 1\">\n<div class=\"section\">\n<div class=\"layoutArea\">\n<div class=\"column\">\n<p><a href=\"https:\/\/www.sh.se\/kontakt\/forskare\/sofia-johansson\">Sofia Johansson, S\u00f6dert\u00f6rns h\u00f6gskola<\/a><\/p>\n<\/div>\n<\/div>\n<\/div>\n<\/div>\n<\/div>\n<\/div>\n<\/div>\n<\/div>\n<p><a href=\"https:\/\/www.kau.se\/personal\/else-mikkelsen-bage\">Else Mikkelsen B\u00e5ge, Karlstads universitet<\/a><\/p>\n<div class=\"page\" title=\"Page 1\">\n<div class=\"section\">\n<div class=\"layoutArea\">\n<div class=\"column\">\n<div class=\"page\" title=\"Page 1\">\n<div class=\"section\">\n<div class=\"layoutArea\">\n<div class=\"column\">\n<p><a href=\"https:\/\/www.kom.lu.se\/person\/EmilStjernholm\/\">Emil Stjernholm, Lunds universitet<\/a><\/p>\n<p><strong>Suppleanter<\/strong><\/p>\n<p><a href=\"https:\/\/www.gu.se\/om-universitetet\/hitta-person\/mathiasaxfjard-fardigh\">Mathias F\u00e4rdigh, G\u00f6teborgs universitet<\/a><\/p>\n<p><a href=\"https:\/\/ju.se\/personinfo.html?sign=hedott\">Otto Hedenmo, J\u00f6nk\u00f6ping university<\/a><\/p>\n<p><a href=\"https:\/\/www.katalog.uu.se\/empinfo\/?id=N19-2617\">Johan Lindell, Uppsala universitet<\/a><\/p>\n<\/div>\n<\/div>\n<\/div>\n<\/div>\n<\/div>\n<\/div>\n<\/div>\n<\/div>\n<p><a href=\"https:\/\/www.lu.se\/lucat\/user\/948e407f314a156e07f5c12c408c1ae5\">Marja \u00c5kerstr\u00f6m, Lunds universitet<\/a><\/p>\n<p>\u00a0<\/p>\n\n\n<p><\/p>\n\n\n\n<p><\/p>\n","protected":false},"excerpt":{"rendered":"<p>Ordf\u00f6rande G\u00f6ran Bolin, S\u00f6dert\u00f6rns h\u00f6gskola Vice ordf\u00f6rande Rebecca Bengtsson Lundin, Linn\u00e9universitetet Sekreterare Elisabeth St\u00far, Mittuniversitetet\u00a0 Kass\u00f6r Torbj\u00f6rn Rolandsson, Stockholms universitet Kommunikat\u00f6r Maria Engberg, Malm\u00f6 universitet \u00d6vriga ledam\u00f6ter Sofia Johansson, S\u00f6dert\u00f6rns h\u00f6gskola Else Mikkelsen B\u00e5ge, Karlstads universitet Emil Stjernholm, Lunds universitet &hellip; <a href=\"https:\/\/arkiv.mediekom.se\/?page_id=149\">Continue reading <span class=\"meta-nav\">&rarr;<\/span><\/a><\/p>\n","protected":false},"author":1,"featured_media":0,"parent":0,"menu_order":3,"comment_status":"open","ping_status":"closed","template":"","meta":{"_mi_skip_tracking":false},"_links":{"self":[{"href":"https:\/\/arkiv.mediekom.se\/index.php?rest_route=\/wp\/v2\/pages\/149"}],"collection":[{"href":"https:\/\/arkiv.mediekom.se\/index.php?rest_route=\/wp\/v2\/pages"}],"about":[{"href":"https:\/\/arkiv.mediekom.se\/index.php?rest_route=\/wp\/v2\/types\/page"}],"author":[{"embeddable":true,"href":"https:\/\/arkiv.mediekom.se\/index.php?rest_route=\/wp\/v2\/users\/1"}],"replies":[{"embeddable":true,"href":"https:\/\/arkiv.mediekom.se\/index.php?rest_route=%2Fwp%2Fv2%2Fcomments&post=149"}],"version-history":[{"count":65,"href":"https:\/\/arkiv.mediekom.se\/index.php?rest_route=\/wp\/v2\/pages\/149\/revisions"}],"predecessor-version":[{"id":2639,"href":"https:\/\/arkiv.mediekom.se\/index.php?rest_route=\/wp\/v2\/pages\/149\/revisions\/2639"}],"wp:attachment":[{"href":"https:\/\/arkiv.mediekom.se\/index.php?rest_route=%2Fwp%2Fv2%2Fmedia&parent=149"}],"curies":[{"name":"wp","href":"https:\/\/api.w.org\/{rel}","templated":true}]}}