{"id":139,"date":"2011-10-20T21:02:28","date_gmt":"2011-10-20T21:02:28","guid":{"rendered":"http:\/\/arkiv.mediekom.se\/?page_id=139"},"modified":"2023-02-24T08:43:06","modified_gmt":"2023-02-24T08:43:06","slug":"bli-medlem","status":"publish","type":"page","link":"https:\/\/arkiv.mediekom.se\/?page_id=139","title":{"rendered":"Bli medlem!"},"content":{"rendered":"<p><strong>Bli medlem i FSMK!<\/strong><\/p>\n<p>Missa inte m\u00f6jligheten att bli en del av Sveriges st\u00f6rsta n\u00e4tverk av forskare inom medier och kommunikation! Majoriteten av v\u00e5ra medlemmar \u00e4r akademiska forskare eller doktorander inom \u00e4mnena medie- och kommunikationsvetenskap och journalistik, men vi v\u00e4lkomnar \u00e4ven medlemmar fr\u00e5n andra n\u00e4rliggande \u00e4mnesomr\u00e5den som bedriver eller \u00e4r intresserade av medieforskning.<\/p>\n<p>Som medlem i FSMK f\u00e5r du:<\/p>\n<ul>\n<li>Kostnadsfritt deltagande vid de \u00e5rliga FSMK-dagarna (som presenterar aktuell svensk medieforskning inom n\u00e5got tematiskt omr\u00e5de) och \u00c4mneskonferensen (\u00e4gnad \u00e5t pedagogisk utveckling inom medieundervisning), inklusive middagen efter\u00e5t;<\/li>\n<li>Kontinuerlig information om bland annat disputationer, ny forskning, lediga tj\u00e4nster och annat av betydelse f\u00f6r dig som forskare, l\u00e4rare eller studerande i medie- och kommunikationsvetenskap, journalistik och n\u00e4rliggande \u00e4mnen;<\/li>\n<li>M\u00f6jlighet att sj\u00e4lv diskutera och sprida information om din forskning till en mycket intresserad publik;<\/li>\n<li>Kontaktytor med i stort sett alla Sveriges medieforskare och deras arbeten;<\/li>\n<li>Som doktorand kan du dessutom ans\u00f6ka om resestipendium f\u00f6r att kunna delta i NordMedia-konferensen som genomf\u00f6rs vartannat \u00e5r.<\/li>\n<\/ul>\n<p>Som medlem i FSMK st\u00f6djer du<\/p>\n<ul>\n<li>FSMK-dagarna och \u00c4mneskonferensen, ett \u00e5rligt forum f\u00f6r forskning och undervisning inom medieomr\u00e5det,<\/li>\n<li>Utdelandet av FSMK:s avhandlingspris vartannat \u00e5r, ett pris som s\u00e4tter fokus p\u00e5 svensk medie- och kommunikationsforskning och fungerar som fin uppmuntran f\u00f6r svenska doktorander inom omr\u00e5det,<\/li>\n<li>FSMK:s arbete med att fr\u00e4mja kontakterna mellan medieinstitutioner i Sverige,<\/li>\n<li>Insamling, koordination och distribution av information med relevans f\u00f6r MKV-Sverige, via FSMK:s mejllista, FSMK:s hemsida och andra kanaler,<\/li>\n<li>Internationalisering av svensk medie- och kommunikationsforskning via FSMK:s kontakter med andra forskarf\u00f6reningar i Norden och internationellt, som t ex ECREA och ICA.<\/li>\n<li>FSMK:s kontinuerliga arbete med att v\u00e4rna \u00e4mnets status vid svenska universitet och inf\u00f6r olika forskningspolitiska akt\u00f6rer.<\/li>\n<\/ul>\n<p>Bli medlem genom att skicka ett mail till fsmkkassor[at]runbox.com med uppgifter om namn, adress, e-postadress, telefon och syssels\u00e4ttning. Du kan betala in medlemsavgiften (150 SEK\/\u00e5r f\u00f6r doktorander och 350 SEK\/\u00e5r f\u00f6r \u00f6vriga) p\u00e5 PlusGiro 96 74 44-1. Vi v\u00e4lkomnar \u00e4ven studenter p\u00e5 avancerad niv\u00e5 (Masters\/fil mag) inom medierelaterade omr\u00e5den, liksom yrkesverksamma med intresse f\u00f6r medieforskning (t ex informat\u00f6rer\/kommunikat\u00f6rer, journalister, marknadsf\u00f6rare, opinionsunders\u00f6kare o s v).<\/p>\n","protected":false},"excerpt":{"rendered":"<p>Bli medlem i FSMK! Missa inte m\u00f6jligheten att bli en del av Sveriges st\u00f6rsta n\u00e4tverk av forskare inom medier och kommunikation! Majoriteten av v\u00e5ra medlemmar \u00e4r akademiska forskare eller doktorander inom \u00e4mnena medie- och kommunikationsvetenskap och journalistik, men vi v\u00e4lkomnar &hellip; <a href=\"https:\/\/arkiv.mediekom.se\/?page_id=139\">Continue reading <span class=\"meta-nav\">&rarr;<\/span><\/a><\/p>\n","protected":false},"author":1,"featured_media":0,"parent":0,"menu_order":1,"comment_status":"open","ping_status":"closed","template":"","meta":{"_mi_skip_tracking":false},"_links":{"self":[{"href":"https:\/\/arkiv.mediekom.se\/index.php?rest_route=\/wp\/v2\/pages\/139"}],"collection":[{"href":"https:\/\/arkiv.mediekom.se\/index.php?rest_route=\/wp\/v2\/pages"}],"about":[{"href":"https:\/\/arkiv.mediekom.se\/index.php?rest_route=\/wp\/v2\/types\/page"}],"author":[{"embeddable":true,"href":"https:\/\/arkiv.mediekom.se\/index.php?rest_route=\/wp\/v2\/users\/1"}],"replies":[{"embeddable":true,"href":"https:\/\/arkiv.mediekom.se\/index.php?rest_route=%2Fwp%2Fv2%2Fcomments&post=139"}],"version-history":[{"count":8,"href":"https:\/\/arkiv.mediekom.se\/index.php?rest_route=\/wp\/v2\/pages\/139\/revisions"}],"predecessor-version":[{"id":2540,"href":"https:\/\/arkiv.mediekom.se\/index.php?rest_route=\/wp\/v2\/pages\/139\/revisions\/2540"}],"wp:attachment":[{"href":"https:\/\/arkiv.mediekom.se\/index.php?rest_route=%2Fwp%2Fv2%2Fmedia&parent=139"}],"curies":[{"name":"wp","href":"https:\/\/api.w.org\/{rel}","templated":true}]}}